{"id":2,"date":"2022-09-20T17:35:00","date_gmt":"2022-09-20T15:35:00","guid":{"rendered":"https:\/\/justmy5cent.de\/?page_id=2"},"modified":"2022-09-23T16:33:56","modified_gmt":"2022-09-23T14:33:56","slug":"sample-page","status":"publish","type":"page","link":"https:\/\/justmy5cent.de\/","title":{"rendered":"Peters Blog"},"content":{"rendered":"\n<p>Hier finden Sie meine pers\u00f6nlichen Beitr\u00e4ge und Meinungen. Offen, ehrlich und pragmatisch. Ironie und Sarkasmus haben hier ebenfalls ein behagliches zuhause gefunden.<\/p>\n\n\n\n<p>Unterteilt in mehrere Kategorien finden Sie:<\/p>\n\n\n\n<p>justmy5cent:<\/p>\n\n\n\n<blockquote class=\"wp-block-quote\"><p>Videos bei Youtube zu Themen die mir dann gerade wichtig waren.<\/p><\/blockquote>\n\n\n\n<p>Love allways wins<\/p>\n\n\n\n<blockquote class=\"wp-block-quote\"><p>Die Kampagne f\u00fcr mehr Selbstliebe  von Lijana (GNTM-Finalistin 2020) <\/p><\/blockquote>\n\n\n\n<p>Motte Mu:<\/p>\n\n\n\n<blockquote class=\"wp-block-quote\"><p>Erlebnisse einer kleinen Lebensform, die Ihren ganz eigenen Blick auf diverse Ereignisse hat, sowie eine einzigartige Erinnerung an viele Dinge. Entstanden ist die Motte Mu w\u00e4hrend eines Klinikaufenthaltes und hat mir und vielen anderen dort die Zeit vers\u00fc\u00dft. (Alles nicht so ernst nehmen war die Erkenntnis f\u00fcr viele von uns. Will sagen: FUUMBB !!)<\/p><\/blockquote>\n\n\n\n<p>&#8230;or something like this:<\/p>\n\n\n\n<blockquote class=\"wp-block-quote\"><p><strong>Cybermobbing im beruflichen Kontext  #cm-job <\/strong><\/p><p>Berichte und Erlebnisse aus meiner Arbeit im Bereich Cybermobbing. Kinder, Jugendliche Erwachsene!<\/p><\/blockquote>\n\n\n\n<blockquote class=\"wp-block-quote\"><p><strong>Cybermobbing nur f\u00fcr mich!  #cm-home <\/strong><\/p><p>Berichte und Erlebnisse der realen Ereignisse in denen ich fast verzweifelt w\u00e4re.<\/p><p><strong>Wenn der Hass aus dem Netz dich in der Realit\u00e4t trifft!<\/strong><\/p><\/blockquote>\n\n\n\n<p><\/p>\n","protected":false},"excerpt":{"rendered":"<p>Hier finden Sie meine pers\u00f6nlichen Beitr\u00e4ge und Meinungen. Offen, ehrlich und pragmatisch. Ironie und Sarkasmus haben hier ebenfalls ein behagliches<\/p>\n","protected":false},"author":1,"featured_media":0,"parent":0,"menu_order":0,"comment_status":"closed","ping_status":"closed","template":"","meta":[],"_links":{"self":[{"href":"https:\/\/justmy5cent.de\/index.php?rest_route=\/wp\/v2\/pages\/2"}],"collection":[{"href":"https:\/\/justmy5cent.de\/index.php?rest_route=\/wp\/v2\/pages"}],"about":[{"href":"https:\/\/justmy5cent.de\/index.php?rest_route=\/wp\/v2\/types\/page"}],"author":[{"embeddable":true,"href":"https:\/\/justmy5cent.de\/index.php?rest_route=\/wp\/v2\/users\/1"}],"replies":[{"embeddable":true,"href":"https:\/\/justmy5cent.de\/index.php?rest_route=%2Fwp%2Fv2%2Fcomments&post=2"}],"version-history":[{"count":3,"href":"https:\/\/justmy5cent.de\/index.php?rest_route=\/wp\/v2\/pages\/2\/revisions"}],"predecessor-version":[{"id":40,"href":"https:\/\/justmy5cent.de\/index.php?rest_route=\/wp\/v2\/pages\/2\/revisions\/40"}],"wp:attachment":[{"href":"https:\/\/justmy5cent.de\/index.php?rest_route=%2Fwp%2Fv2%2Fmedia&parent=2"}],"curies":[{"name":"wp","href":"https:\/\/api.w.org\/{rel}","templated":true}]}}